{"id":437,"date":"2019-07-01T18:50:27","date_gmt":"2019-07-01T17:50:27","guid":{"rendered":"https:\/\/seventeen-ibiza.com\/?page_id=437"},"modified":"2019-07-01T18:51:46","modified_gmt":"2019-07-01T17:51:46","slug":"imprint-seventeen-siesta","status":"publish","type":"page","link":"https:\/\/seventeen-ibiza.com\/es\/imprint-seventeen-siesta\/","title":{"rendered":"Aviso legal Seventeen Siesta"},"content":{"rendered":"<p>Restaurant Seventeen<br \/>\nCalle Los Lirios 17<br \/>\n07840 Santa Eulalia del R\u00edo<\/p>\n<h3>Representado por:<\/h3>\n<p>Barbara Masson<\/p>\n<h3>Contacto:<\/h3>\n<p>Phone: +34 971 33 09 30<br \/>\nEmail: info@seventeen-ibiza.com<\/p>\n<h3>N\u00famero de identificaci\u00f3n del IVA:<\/h3>\n<p>NIF: X4382823N<\/p>\n<h3>Resoluci\u00f3n de conflictos<\/h3>\n<p>La Comisi\u00f3n Europea proporciona una plataforma para la resoluci\u00f3n de disputas (OS) en l\u00ednea: https:\/\/ec.europa.eu\/consumers\/odr.<br \/>\nEncuentre nuestro correo electr\u00f3nico aqu\u00ed en este aviso del sitio.<\/p>\n<p>No tomamos parte en las resoluciones de disputas en l\u00ednea en las juntas de arbitraje de consumidores.<\/p>","protected":false},"excerpt":{"rendered":"<p>Restaurant Seventeen Calle Los Lirios 17 07840 Santa Eulalia del R\u00edo Representado por: Barbara Masson Contacto: Phone: +34 971 33 09 30 Email: info@seventeen-ibiza.com N\u00famero de identificaci\u00f3n del IVA: NIF: X4382823N Resoluci\u00f3n de conflictos La Comisi\u00f3n Europea proporciona una plataforma para la resoluci\u00f3n de disputas (OS) en l\u00ednea: https:\/\/ec.europa.eu\/consumers\/odr. Encuentre nuestro correo electr\u00f3nico aqu\u00ed en [&hellip;]<\/p>\n","protected":false},"author":1,"featured_media":0,"parent":0,"menu_order":0,"comment_status":"closed","ping_status":"closed","template":"","meta":{"footnotes":""},"class_list":["post-437","page","type-page","status-publish","hentry"],"acf":[],"yoast_head":"<!-- This site is optimized with the Yoast SEO plugin v24.6 - https:\/\/yoast.com\/wordpress\/plugins\/seo\/ -->\n<title>Seventeen Restaurant Ibiza<\/title>\n<meta name=\"robots\" content=\"index, follow, max-snippet:-1, max-image-preview:large, max-video-preview:-1\" \/>\n<link rel=\"canonical\" href=\"https:\/\/seventeen-ibiza.com\/es\/wp-json\/wp\/v2\/pages\/437\" \/>\n<meta property=\"og:locale\" content=\"es_ES\" \/>\n<meta property=\"og:type\" content=\"article\" \/>\n<meta property=\"og:url\" content=\"https:\/\/seventeen-ibiza.com\/es\/wp-json\/wp\/v2\/pages\/437\" \/>\n<meta property=\"og:site_name\" content=\"Seventeen Restaurant Ibiza\" \/>\n<meta property=\"article:modified_time\" content=\"2019-07-01T17:51:46+00:00\" \/>\n<meta name=\"twitter:card\" content=\"summary_large_image\" \/>\n<meta name=\"twitter:description\" content=\"Restaurant Seventeen Calle Los Lirios 17 07840 Santa Eulalia del R\u00edo Representado por: Barbara Masson Contacto: Phone: +34 971 33 09 30 Email: info@seventeen-ibiza.com N\u00famero de identificaci\u00f3n del IVA: NIF: X4382823N Resoluci\u00f3n de conflictos La Comisi\u00f3n Europea proporciona una plataforma para la resoluci\u00f3n de disputas (OS) en l\u00ednea: https:\/\/ec.europa.eu\/consumers\/odr. Encuentre nuestro correo electr\u00f3nico aqu\u00ed en [&hellip;]\" \/>\n<meta name=\"twitter:label1\" content=\"Tiempo de lectura\" \/>\n\t<meta name=\"twitter:data1\" content=\"1 minuto\" \/>\n<script type=\"application\/ld+json\" class=\"yoast-schema-graph\">{\"@context\":\"https:\/\/schema.org\",\"@graph\":[{\"@type\":\"WebPage\",\"@id\":\"https:\/\/seventeen-ibiza.com\/es\/imprint-seventeen-siesta\/\",\"url\":\"https:\/\/seventeen-ibiza.com\/es\/wp-json\/wp\/v2\/pages\/437\",\"name\":\"\",\"isPartOf\":{\"@id\":\"https:\/\/seventeen-ibiza.com\/es\/#website\"},\"datePublished\":\"2019-07-01T17:50:27+00:00\",\"dateModified\":\"2019-07-01T17:51:46+00:00\",\"breadcrumb\":{\"@id\":\"https:\/\/seventeen-ibiza.com\/es\/wp-json\/wp\/v2\/pages\/437#breadcrumb\"},\"inLanguage\":\"es\",\"potentialAction\":[{\"@type\":\"ReadAction\",\"target\":[[\"https:\/\/seventeen-ibiza.com\/es\/wp-json\/wp\/v2\/pages\/437\"]]}]},{\"@type\":\"BreadcrumbList\",\"@id\":\"https:\/\/seventeen-ibiza.com\/es\/wp-json\/wp\/v2\/pages\/437#breadcrumb\",\"itemListElement\":[{\"@type\":\"ListItem\",\"position\":1,\"name\":\"Home\",\"item\":\"https:\/\/seventeen-ibiza.com\/es\/\"},{\"@type\":\"ListItem\",\"position\":2,\"name\":\"Imprint Seventeen Siesta\"}]},{\"@type\":\"WebSite\",\"@id\":\"https:\/\/seventeen-ibiza.com\/es\/#website\",\"url\":\"https:\/\/seventeen-ibiza.com\/es\/\",\"name\":\"Seventeen Restaurant Ibiza\",\"description\":\"\",\"potentialAction\":[{\"@type\":\"SearchAction\",\"target\":{\"@type\":\"EntryPoint\",\"urlTemplate\":\"https:\/\/seventeen-ibiza.com\/es\/?s={search_term_string}\"},\"query-input\":{\"@type\":\"PropertyValueSpecification\",\"valueRequired\":true,\"valueName\":\"search_term_string\"}}],\"inLanguage\":\"es\"}]}<\/script>\n<!-- \/ Yoast SEO plugin. -->","yoast_head_json":{"title":"Seventeen Restaurant Ibiza","robots":{"index":"index","follow":"follow","max-snippet":"max-snippet:-1","max-image-preview":"max-image-preview:large","max-video-preview":"max-video-preview:-1"},"canonical":"https:\/\/seventeen-ibiza.com\/es\/wp-json\/wp\/v2\/pages\/437","og_locale":"es_ES","og_type":"article","og_url":"https:\/\/seventeen-ibiza.com\/es\/wp-json\/wp\/v2\/pages\/437","og_site_name":"Seventeen Restaurant Ibiza","article_modified_time":"2019-07-01T17:51:46+00:00","twitter_card":"summary_large_image","twitter_description":"Restaurant Seventeen Calle Los Lirios 17 07840 Santa Eulalia del R\u00edo Representado por: Barbara Masson Contacto: Phone: +34 971 33 09 30 Email: info@seventeen-ibiza.com N\u00famero de identificaci\u00f3n del IVA: NIF: X4382823N Resoluci\u00f3n de conflictos La Comisi\u00f3n Europea proporciona una plataforma para la resoluci\u00f3n de disputas (OS) en l\u00ednea: https:\/\/ec.europa.eu\/consumers\/odr. Encuentre nuestro correo electr\u00f3nico aqu\u00ed en [&hellip;]","twitter_misc":{"Tiempo de lectura":"1 minuto"},"schema":{"@context":"https:\/\/schema.org","@graph":[{"@type":"WebPage","@id":"https:\/\/seventeen-ibiza.com\/es\/imprint-seventeen-siesta\/","url":"https:\/\/seventeen-ibiza.com\/es\/wp-json\/wp\/v2\/pages\/437","name":"","isPartOf":{"@id":"https:\/\/seventeen-ibiza.com\/es\/#website"},"datePublished":"2019-07-01T17:50:27+00:00","dateModified":"2019-07-01T17:51:46+00:00","breadcrumb":{"@id":"https:\/\/seventeen-ibiza.com\/es\/wp-json\/wp\/v2\/pages\/437#breadcrumb"},"inLanguage":"es","potentialAction":[{"@type":"ReadAction","target":[["https:\/\/seventeen-ibiza.com\/es\/wp-json\/wp\/v2\/pages\/437"]]}]},{"@type":"BreadcrumbList","@id":"https:\/\/seventeen-ibiza.com\/es\/wp-json\/wp\/v2\/pages\/437#breadcrumb","itemListElement":[{"@type":"ListItem","position":1,"name":"Home","item":"https:\/\/seventeen-ibiza.com\/es\/"},{"@type":"ListItem","position":2,"name":"Imprint Seventeen Siesta"}]},{"@type":"WebSite","@id":"https:\/\/seventeen-ibiza.com\/es\/#website","url":"https:\/\/seventeen-ibiza.com\/es\/","name":"Seventeen Restaurant Ibiza","description":"","potentialAction":[{"@type":"SearchAction","target":{"@type":"EntryPoint","urlTemplate":"https:\/\/seventeen-ibiza.com\/es\/?s={search_term_string}"},"query-input":{"@type":"PropertyValueSpecification","valueRequired":true,"valueName":"search_term_string"}}],"inLanguage":"es"}]}},"_links":{"self":[{"href":"https:\/\/seventeen-ibiza.com\/es\/wp-json\/wp\/v2\/pages\/437","targetHints":{"allow":["GET"]}}],"collection":[{"href":"https:\/\/seventeen-ibiza.com\/es\/wp-json\/wp\/v2\/pages"}],"about":[{"href":"https:\/\/seventeen-ibiza.com\/es\/wp-json\/wp\/v2\/types\/page"}],"author":[{"embeddable":true,"href":"https:\/\/seventeen-ibiza.com\/es\/wp-json\/wp\/v2\/users\/1"}],"replies":[{"embeddable":true,"href":"https:\/\/seventeen-ibiza.com\/es\/wp-json\/wp\/v2\/comments?post=437"}],"version-history":[{"count":2,"href":"https:\/\/seventeen-ibiza.com\/es\/wp-json\/wp\/v2\/pages\/437\/revisions"}],"predecessor-version":[{"id":439,"href":"https:\/\/seventeen-ibiza.com\/es\/wp-json\/wp\/v2\/pages\/437\/revisions\/439"}],"wp:attachment":[{"href":"https:\/\/seventeen-ibiza.com\/es\/wp-json\/wp\/v2\/media?parent=437"}],"curies":[{"name":"wp","href":"https:\/\/api.w.org\/{rel}","templated":true}]}}