{"id":431,"date":"2019-07-01T18:01:33","date_gmt":"2019-07-01T17:01:33","guid":{"rendered":"https:\/\/seventeen-ibiza.com\/privacy-policy-bistrot-copy\/"},"modified":"2019-07-01T19:04:43","modified_gmt":"2019-07-01T18:04:43","slug":"privacy-policy-siesta","status":"publish","type":"page","link":"https:\/\/seventeen-ibiza.com\/es\/privacy-policy-siesta\/","title":{"rendered":"Pol\u00edtica de privacidad Seventeen Siesta"},"content":{"rendered":"<p><\/p>\n<h2>1. Una visi\u00f3n general de la protecci\u00f3n de datos<\/h2>\n<h3>General<\/h3>\n<p>A continuaci\u00f3n, se proporciona una descripci\u00f3n general simple de lo que sucede con su informaci\u00f3n personal cuando visita nuestro sitio web. La informaci\u00f3n personal es cualquier informaci\u00f3n con la que pueda ser identificado personalmente. Puede encontrar informaci\u00f3n detallada sobre el tema de protecci\u00f3n de datos en nuestra pol\u00edtica de privacidad que se encuentra a continuaci\u00f3n.<\/p>\n<h3>Recolecci\u00f3n de datos en nuestro sitio web<\/h3>\n<p><strong>\u00bfQui\u00e9n es responsable de la recopilaci\u00f3n de datos en este sitio web?<\/strong> Los datos recopilados en este sitio web son procesados \u200b\u200bpor el operador del sitio web. Los detalles de contacto del operador se pueden encontrar en el aviso legal requerido del sitio web. <strong>\u00bfC\u00f3mo recopilamos sus datos?<\/strong> Algunos datos se recopilan cuando nos los proporciona. Esto podr\u00eda, por ejemplo, ser datos que ingrese en un formulario de contacto. Otros datos son recopilados autom\u00e1ticamente por nuestros sistemas de TI cuando visita el sitio web. Estos datos son principalmente datos t\u00e9cnicos, como el navegador y el sistema operativo que est\u00e1 utilizando o cuando accedi\u00f3 a la p\u00e1gina. Estos datos se recopilan autom\u00e1ticamente tan pronto como ingresa a nuestro sitio web. <strong>\u00bfPara qu\u00e9 utilizamos sus datos?<\/strong> Parte de los datos se recopilan para garantizar el correcto funcionamiento del sitio web. Se pueden usar otros datos para analizar c\u00f3mo los visitantes usan el sitio. <strong>\u00bfQu\u00e9 derechos tienes con respecto a tus datos?<\/strong> Siempre tiene derecho a solicitar informaci\u00f3n sobre sus datos almacenados, su origen, sus destinatarios y el prop\u00f3sito de su recopilaci\u00f3n sin cargo. Tambi\u00e9n tiene derecho a solicitar que se corrija, bloquee o elimine. Puede ponerse en contacto con nosotros en cualquier momento utilizando la direcci\u00f3n indicada en el aviso legal si tiene m\u00e1s preguntas sobre la cuesti\u00f3n de la privacidad y la protecci\u00f3n de datos. Tambi\u00e9n puede, por supuesto, presentar una queja ante las autoridades reguladoras competentes.<\/p>\n<h3>Anal\u00edtica y herramientas de terceros<\/h3>\n<p>Al visitar nuestro sitio web, se pueden realizar an\u00e1lisis estad\u00edsticos de su comportamiento de navegaci\u00f3n. Esto ocurre principalmente al utilizar cookies y an\u00e1lisis. El an\u00e1lisis de su comportamiento de navegaci\u00f3n suele ser an\u00f3nimo, es decir, no podremos identificarlo a partir de estos datos. Puede oponerse a este an\u00e1lisis o evitarlo al no usar ciertas herramientas. La informaci\u00f3n detallada se puede encontrar en la siguiente pol\u00edtica de privacidad. Puede oponerse a este an\u00e1lisis. Le informaremos a continuaci\u00f3n sobre c\u00f3mo ejercer sus opciones en este sentido.<\/p>\n<h2>2. Informaci\u00f3n general e informaci\u00f3n obligatoria<\/h2>\n<h3>Protecci\u00f3n de Datos<\/h3>\n<p>Los operadores de este sitio web toman muy en serio la protecci\u00f3n de sus datos personales. Tratamos sus datos personales como confidenciales y de acuerdo con las regulaciones legales de protecci\u00f3n de datos y esta pol\u00edtica de privacidad. Si utiliza este sitio web, se recopilar\u00e1n diversos datos personales. La informaci\u00f3n personal es cualquier informaci\u00f3n con la que pueda ser identificado personalmente. Esta pol\u00edtica de privacidad explica qu\u00e9 informaci\u00f3n recopilamos y para qu\u00e9 la utilizamos. Tambi\u00e9n explica c\u00f3mo y con qu\u00e9 prop\u00f3sito sucede esto. Tenga en cuenta que los datos transmitidos a trav\u00e9s de Internet (por ejemplo, mediante comunicaci\u00f3n por correo electr\u00f3nico) pueden estar sujetos a violaciones de seguridad. La protecci\u00f3n completa de sus datos del acceso de terceros no es posible.<\/p>\n<h3>Aviso sobre la parte responsable de este sitio web<\/h3>\n<p>La parte responsable de procesar los datos en este sitio web es: Restaurant Seventeen, Barbara Masson, Calle Los Lirios 17, 07840 Santa Eulalia del Rio, Tel\u00e9fono: 0034 971 33 09 30, Email: info@seventeen-ibiza.com. La parte responsable es la persona f\u00edsica o jur\u00eddica que, sola o conjuntamente con otras personas, decide los fines y los medios de procesamiento de los datos personales (nombres, direcciones de correo electr\u00f3nico, etc.).<\/p>\n<h3>Revocaci\u00f3n de su consentimiento para el procesamiento de sus datos<\/h3>\n<p>Muchas operaciones de procesamiento de datos solo son posibles con su consentimiento expreso. Puede revocar su consentimiento en cualquier momento con efecto futuro. Un correo electr\u00f3nico informal que hace esta solicitud es suficiente. Los datos procesados \u200b\u200bantes de recibir su solicitud a\u00fan pueden procesarse legalmente. Derecho a presentar quejas ante las autoridades reguladoras Si se ha violado la legislaci\u00f3n de protecci\u00f3n de datos, la persona afectada puede presentar una queja ante las autoridades reguladoras competentes. La autoridad reguladora competente para asuntos relacionados con la legislaci\u00f3n de protecci\u00f3n de datos es el oficial de protecci\u00f3n de datos del estado espa\u00f1ol en el que nuestra compa\u00f1\u00eda tiene su sede. Se puede encontrar una lista de oficiales de protecci\u00f3n de datos y sus datos de contacto en el siguiente enlace: https:\/\/edps.europa.eu\/data-protection\/eu-institutions-dpo\/network-dpos_en.<\/p>\n<h3>Derecho a la portabilidad de datos<\/h3>\n<p>Tiene derecho a que los datos que procesamos se basen en su consentimiento o en cumplimiento de un contrato entregado autom\u00e1ticamente a usted o a un tercero en un formato est\u00e1ndar legible por m\u00e1quina. Si requiere la transferencia directa de datos a otra parte responsable, esto solo se har\u00e1 en la medida en que sea t\u00e9cnicamente factible.<\/p>\n<h3>Cifrado SSL o TLS<\/h3>\n<p>Este sitio usa cifrado SSL o TLS por razones de seguridad y para la protecci\u00f3n de la transmisi\u00f3n de contenido confidencial, como las consultas que nos env\u00eda como operador del sitio. Puede reconocer una conexi\u00f3n encriptada en la l\u00ednea de direcci\u00f3n de su navegador cuando cambie de \u00abhttp: \/\/\u00bb a \u00abhttps: \/\/\u00bb y el \u00edcono de candado se muestra en la barra de direcciones de su navegador. Si el cifrado SSL o TLS est\u00e1 activado, los datos que nos transfiere no pueden ser le\u00eddos por terceros.<\/p>\n<h3>Informaci\u00f3n, bloqueo, eliminaci\u00f3n<\/h3>\n<p>Seg\u00fan lo permitido por la ley, usted tiene derecho a recibir, en cualquier momento, informaci\u00f3n gratuita sobre sus datos personales que se almacenan, su origen, el destinatario y el objetivo para el que se ha procesado. Tambi\u00e9n tiene derecho a que estos datos sean corregidos, bloqueados o eliminados. Puede ponerse en contacto con nosotros en cualquier momento utilizando la direcci\u00f3n que figura en nuestro aviso legal si tiene m\u00e1s preguntas sobre el tema de los datos personales. Oposici\u00f3n a los correos electr\u00f3nicos promocionales Por la presente, prohibimos expresamente el uso de los datos de contacto publicados en el contexto de los requisitos de aviso legal del sitio web con respecto al env\u00edo de materiales promocionales e informativos no solicitados expresamente. El operador del sitio web se reserva el derecho de emprender acciones legales espec\u00edficas si se recibe material publicitario no solicitado, como correo no deseado.<\/p>\n<h2>3. Recopilaci\u00f3n de datos en nuestro sitio web<\/h2>\n<h3>Cookies<\/h3>\n<p>Algunas de nuestras p\u00e1ginas web usan cookies. Las cookies no da\u00f1an su computadora y no contienen ning\u00fan virus. Las cookies ayudan a que nuestro sitio web sea m\u00e1s f\u00e1cil de usar, eficiente y seguro. Las cookies son peque\u00f1os archivos de texto que se almacenan en su computadora y guardan en su navegador. La mayor\u00eda de las cookies que utilizamos son las llamadas \u00abcookies de sesi\u00f3n\u00bb. Se eliminan autom\u00e1ticamente despu\u00e9s de su visita. Otras cookies permanecen en la memoria de su dispositivo hasta que las elimine. Estas cookies permiten reconocer su navegador la pr\u00f3xima vez que visite el sitio. Puede configurar su navegador para que le informe sobre el uso de cookies para que pueda decidir caso por caso si acepta o rechaza una cookie. Alternativamente, su navegador puede configurarse para aceptar autom\u00e1ticamente las cookies bajo ciertas condiciones o para rechazarlas siempre, o para eliminar autom\u00e1ticamente las cookies al cerrar su navegador. La desactivaci\u00f3n de cookies puede limitar la funcionalidad de este sitio web. Las cookies que son necesarias para permitir las comunicaciones electr\u00f3nicas o para proporcionar ciertas funciones que desea utilizar (como el carrito de compras) se almacenan de conformidad con el art. 6 p\u00e1rrafo 1, letra f de GDPR. El operador del sitio web tiene un inter\u00e9s leg\u00edtimo en el almacenamiento de cookies para garantizar un servicio optimizado y sin errores t\u00e9cnicos. Si tambi\u00e9n se almacenan otras cookies (como las utilizadas para analizar su comportamiento de navegaci\u00f3n), se tratar\u00e1n por separado en esta pol\u00edtica de privacidad.<\/p>\n<h3>Archivos de registro del servidor<\/h3>\n<p>El proveedor del sitio web autom\u00e1ticamente recopila y almacena la informaci\u00f3n que su navegador nos transmite autom\u00e1ticamente en \u00abarchivos de registro del servidor\u00bb. Estos son: Tipo de navegador y versi\u00f3n de navegador Sistema operativo utilizado URL de referencia Nombre de host de la computadora que accede Hora de la solicitud del servidor direcci\u00f3n IP Estos datos no se combinar\u00e1n con datos de otras fuentes. La base para el procesamiento de datos es el art. 6 (1) (f) GDPR. El operador del sitio web tiene un inter\u00e9s leg\u00edtimo para garantizar un servicio optimizado y sin errores t\u00e9cnicos. Por lo tanto, los archivos de registro del servidor deben almacenarse.<\/p>\n<h3>Formulario de contacto<\/h3>\n<p>Si nos env\u00eda preguntas a trav\u00e9s del formulario de contacto, recopilaremos los datos ingresados \u200b\u200ben el formulario, incluidos los datos de contacto que proporciona, para responder su pregunta y cualquier pregunta de seguimiento. No compartimos esta informaci\u00f3n sin su permiso. Por lo tanto, procesaremos cualquier informaci\u00f3n que ingrese en el formulario de contacto solo con su consentimiento seg\u00fan el art. 6 (1) (a) GDPR. Puede revocar su consentimiento en cualquier momento. Un correo electr\u00f3nico informal que hace esta solicitud es suficiente. Los datos procesados \u200b\u200bantes de recibir su solicitud a\u00fan pueden procesarse legalmente. Retendremos los datos que proporcione en el formulario de contacto hasta que solicite su eliminaci\u00f3n, revoque su consentimiento para su almacenamiento o deje de estar relacionado con el prop\u00f3sito de su almacenamiento (por ejemplo, despu\u00e9s de completar su solicitud). Las disposiciones legales obligatorias, especialmente las relativas a los per\u00edodos obligatorios de retenci\u00f3n de datos, no se ver\u00e1n afectadas por esta disposici\u00f3n.<\/p>\n<h2>4. Anal\u00edtica y publicidad<\/h2>\n<h3>Google analitico<\/h3>\n<p>Este sitio web utiliza Google Analytics, un servicio de an\u00e1lisis web. Es operado por Google Inc., 1600 Amphitheatre Parkway, Mountain View, CA 94043, EE. UU. Google Analytics usa las llamadas \u00abcookies\u00bb. Estos son archivos de texto que se almacenan en su computadora y que permiten un an\u00e1lisis del uso del sitio web por usted. La informaci\u00f3n generada por la cookie sobre su uso de este sitio web generalmente se transmite a un servidor de Google en EE. UU. Y se almacena all\u00ed. Las cookies de Google Analytics se almacenan seg\u00fan el art. 6 (1) (f) GDPR. El operador del sitio web tiene un inter\u00e9s leg\u00edtimo en analizar el comportamiento del usuario para optimizar tanto su sitio web como su publicidad. <strong>Anonimizaci\u00f3n de IP<\/strong> Hemos activado la funci\u00f3n de anonimizaci\u00f3n de IP en este sitio web. Google reducir\u00e1 su direcci\u00f3n IP dentro de la Uni\u00f3n Europea u otras partes del Acuerdo sobre el Espacio Econ\u00f3mico Europeo antes de su transmisi\u00f3n a los Estados Unidos. Solo en casos excepcionales, la direcci\u00f3n IP completa se env\u00eda a un servidor de Google en EE. UU. Y se acorta all\u00ed. Google utilizar\u00e1 esta informaci\u00f3n en nombre del operador de este sitio web para evaluar su uso del sitio web, recopilar informes sobre la actividad del sitio web y proporcionar otros servicios relacionados con la actividad del sitio web y el uso de Internet para el operador del sitio web. La direcci\u00f3n IP transmitida por su navegador como parte de Google Analytics no se fusionar\u00e1 con ning\u00fan otro dato en poder de Google. <strong>Plugin para el navegador<\/strong> Puede evitar que estas cookies se almacenen seleccionando la configuraci\u00f3n adecuada en su navegador. Sin embargo, deseamos se\u00f1alar que hacerlo puede significar que no podr\u00e1 disfrutar de la funcionalidad completa de este sitio web. Tambi\u00e9n puede evitar que los datos generados por las cookies sobre su uso del sitio web (incluida su direcci\u00f3n IP) se transfieran a Google, y el procesamiento de estos datos por parte de Google, descargando e instalando el complemento del navegador disponible en el siguiente enlace: https:\/\/tools.google.com\/dlpage\/gaoptout?hl=en. <strong>Objetar a la recopilaci\u00f3n de datos<\/strong> Puede evitar que Google Analytics recopile sus datos haciendo clic en el siguiente enlace. Se establecer\u00e1 una cookie de exclusi\u00f3n voluntaria para evitar que se recopilen sus datos en futuras visitas a este sitio: <a>deshabilite Google Analytics<\/a>. Para obtener m\u00e1s informaci\u00f3n sobre c\u00f3mo Google Analytics maneja los datos de los usuarios, consulte la pol\u00edtica de privacidad de Google: https:\/\/support.google.com\/analytics\/answer\/6004245?hl=es. <strong>Procesamiento de datos tercerizado<\/strong> Hemos firmado un acuerdo con Google para la externalizaci\u00f3n de nuestro procesamiento de datos e implementamos completamente los estrictos requisitos de las autoridades espa\u00f1olas de protecci\u00f3n de datos cuando utilizamos Google Analytics. <strong>Recolecci\u00f3n de datos demogr\u00e1ficos por Google Analytics<\/strong> Este sitio web utiliza las caracter\u00edsticas demogr\u00e1ficas de Google Analytics. Esto permite que se generen informes que contengan declaraciones sobre la edad, el g\u00e9nero y los intereses de los visitantes del sitio. Estos datos provienen de publicidad basada en intereses de Google y datos de visitantes de terceros. Esta informaci\u00f3n recopilada no se puede atribuir a ninguna persona individual espec\u00edfica. Puede desactivar esta caracter\u00edstica en cualquier momento ajustando la configuraci\u00f3n de anuncios en su cuenta de Google o puede prohibir la recopilaci\u00f3n de sus datos por Google Analytics como se describe en la secci\u00f3n \u00abDenegaci\u00f3n de recopilaci\u00f3n de datos\u00bb.<\/p>\n<h3>Google reCAPTCHA<\/h3>\n<p>Usamos \u00abGoogle reCAPTCHA\u00bb (en adelante, \u00abreCAPTCHA\u00bb) en nuestros sitios web. Este servicio es provisto por Google Inc., 1600 Amphitheatre Parkway, Mountain View, CA 94043, EE. UU. (\u00abGoogle\u00bb). reCAPTCHA se utiliza para verificar si los datos ingresados \u200b\u200ben nuestro sitio web (como en un formulario de contacto) han sido ingresados \u200b\u200bpor un ser humano o por un programa automatizado. Para hacer esto, reCAPTCHA analiza el comportamiento del visitante del sitio web en funci\u00f3n de varias caracter\u00edsticas. Este an\u00e1lisis comienza autom\u00e1ticamente tan pronto como el visitante ingrese al sitio web. Para el an\u00e1lisis, reCAPTCHA eval\u00faa varios datos (por ejemplo, la direcci\u00f3n IP, el tiempo que el visitante ha estado en el sitio web o los movimientos del mouse realizados por el usuario). Los datos recopilados durante el an\u00e1lisis se enviar\u00e1n a Google. Los an\u00e1lisis reCAPTCHA tienen lugar completamente en segundo plano. A los visitantes del sitio web no se les informa que tal an\u00e1lisis est\u00e1 teniendo lugar. El procesamiento de datos se basa en el art. 6 (1) (f) GDPR. El operador del sitio web tiene un inter\u00e9s leg\u00edtimo en proteger su sitio del rastreo y correo no deseado abusivos. Para obtener m\u00e1s informaci\u00f3n sobre Google reCAPTCHA y la pol\u00edtica de privacidad de Google, visite los siguientes enlaces: https:\/\/www.google.com\/policies\/privacy\/ y https:\/\/www.google.com\/recaptcha\/intro\/android.html.<\/p>\n<h2>6. Complementos y herramientas<\/h2>\n<h3>Google Web Fonts<\/h3>\n<p>Para una representaci\u00f3n uniforme de las fuentes, esta p\u00e1gina utiliza fuentes web proporcionadas por Google. Cuando abre una p\u00e1gina, su navegador carga las fuentes web requeridas en la cach\u00e9 de su navegador para mostrar correctamente los textos y las fuentes. Para este fin, su navegador debe establecer una conexi\u00f3n directa con los servidores de Google. Por lo tanto, Google se da cuenta de que nuestra p\u00e1gina web se accedi\u00f3 a trav\u00e9s de su direcci\u00f3n IP. El uso de Google Web Fonts se realiza con el inter\u00e9s de una presentaci\u00f3n uniforme y atractiva de nuestro sitio web. Esto constituye un inter\u00e9s justificado de conformidad con el art. 6 (1) (f) GDPR. Si su navegador no admite fuentes web, su computadora utiliza una fuente est\u00e1ndar. Se puede encontrar m\u00e1s informaci\u00f3n sobre el manejo de los datos del usuario en https:\/\/developers.google.com\/fonts\/faq y en la pol\u00edtica de privacidad de Google en https:\/\/www.google.com\/policies\/privacy\/.<\/p>\n<h3>Mapas de Google<\/h3>\n<p>Este sitio utiliza el servicio de mapas de Google Maps a trav\u00e9s de una API. Es operado por Google Inc., 1600 Amphitheatre Parkway, Mountain View, CA 94043, EE. UU. Para utilizar Google Maps, es necesario guardar su direcci\u00f3n IP. Esta informaci\u00f3n generalmente se transmite a un servidor de Google en EE. UU. Y se almacena all\u00ed. El proveedor de este sitio no tiene influencia en esta transferencia de datos. El uso de Google Maps tiene el inter\u00e9s de hacer que nuestro sitio web sea atractivo y facilitar la ubicaci\u00f3n de los lugares especificados por nosotros en el sitio web. Esto constituye un inter\u00e9s justificado de conformidad con el art. 6 (1) (f) GDPR. Se puede encontrar m\u00e1s informaci\u00f3n sobre c\u00f3mo manejar los datos del usuario en la declaraci\u00f3n de protecci\u00f3n de datos de Google en https:\/\/www.google.com\/policies\/privacy\/.<\/p>","protected":false},"excerpt":{"rendered":"<p>1. Una visi\u00f3n general de la protecci\u00f3n de datos General A continuaci\u00f3n, se proporciona una descripci\u00f3n general simple de lo que sucede con su informaci\u00f3n personal cuando visita nuestro sitio web. La informaci\u00f3n personal es cualquier informaci\u00f3n con la que pueda ser identificado personalmente. Puede encontrar informaci\u00f3n detallada sobre el tema de protecci\u00f3n de datos [&hellip;]<\/p>\n","protected":false},"author":1,"featured_media":0,"parent":0,"menu_order":0,"comment_status":"closed","ping_status":"open","template":"","meta":{"footnotes":""},"class_list":["post-431","page","type-page","status-publish","hentry"],"acf":[],"yoast_head":"<!-- This site is optimized with the Yoast SEO plugin v24.6 - https:\/\/yoast.com\/wordpress\/plugins\/seo\/ -->\n<title>Seventeen Restaurant Ibiza<\/title>\n<meta name=\"robots\" content=\"index, follow, max-snippet:-1, max-image-preview:large, max-video-preview:-1\" \/>\n<link rel=\"canonical\" href=\"https:\/\/seventeen-ibiza.com\/es\/wp-json\/wp\/v2\/pages\/431\" \/>\n<meta property=\"og:locale\" content=\"es_ES\" \/>\n<meta property=\"og:type\" content=\"article\" \/>\n<meta property=\"og:url\" content=\"https:\/\/seventeen-ibiza.com\/es\/wp-json\/wp\/v2\/pages\/431\" \/>\n<meta property=\"og:site_name\" content=\"Seventeen Restaurant Ibiza\" \/>\n<meta property=\"article:modified_time\" content=\"2019-07-01T18:04:43+00:00\" \/>\n<meta name=\"twitter:card\" content=\"summary_large_image\" \/>\n<meta name=\"twitter:description\" content=\"1. Una visi\u00f3n general de la protecci\u00f3n de datos General A continuaci\u00f3n, se proporciona una descripci\u00f3n general simple de lo que sucede con su informaci\u00f3n personal cuando visita nuestro sitio web. La informaci\u00f3n personal es cualquier informaci\u00f3n con la que pueda ser identificado personalmente. Puede encontrar informaci\u00f3n detallada sobre el tema de protecci\u00f3n de datos [&hellip;]\" \/>\n<meta name=\"twitter:label1\" content=\"Tiempo de lectura\" \/>\n\t<meta name=\"twitter:data1\" content=\"28 minutos\" \/>\n<script type=\"application\/ld+json\" class=\"yoast-schema-graph\">{\"@context\":\"https:\/\/schema.org\",\"@graph\":[{\"@type\":\"WebPage\",\"@id\":\"https:\/\/seventeen-ibiza.com\/es\/privacy-policy-siesta\/\",\"url\":\"https:\/\/seventeen-ibiza.com\/es\/wp-json\/wp\/v2\/pages\/431\",\"name\":\"\",\"isPartOf\":{\"@id\":\"https:\/\/seventeen-ibiza.com\/es\/#website\"},\"datePublished\":\"2019-07-01T17:01:33+00:00\",\"dateModified\":\"2019-07-01T18:04:43+00:00\",\"breadcrumb\":{\"@id\":\"https:\/\/seventeen-ibiza.com\/es\/wp-json\/wp\/v2\/pages\/431#breadcrumb\"},\"inLanguage\":\"es\",\"potentialAction\":[{\"@type\":\"ReadAction\",\"target\":[[\"https:\/\/seventeen-ibiza.com\/es\/wp-json\/wp\/v2\/pages\/431\"]]}]},{\"@type\":\"BreadcrumbList\",\"@id\":\"https:\/\/seventeen-ibiza.com\/es\/wp-json\/wp\/v2\/pages\/431#breadcrumb\",\"itemListElement\":[{\"@type\":\"ListItem\",\"position\":1,\"name\":\"Home\",\"item\":\"https:\/\/seventeen-ibiza.com\/es\/\"},{\"@type\":\"ListItem\",\"position\":2,\"name\":\"Privacy Policy Seventeen Siesta\"}]},{\"@type\":\"WebSite\",\"@id\":\"https:\/\/seventeen-ibiza.com\/es\/#website\",\"url\":\"https:\/\/seventeen-ibiza.com\/es\/\",\"name\":\"Seventeen Restaurant Ibiza\",\"description\":\"\",\"potentialAction\":[{\"@type\":\"SearchAction\",\"target\":{\"@type\":\"EntryPoint\",\"urlTemplate\":\"https:\/\/seventeen-ibiza.com\/es\/?s={search_term_string}\"},\"query-input\":{\"@type\":\"PropertyValueSpecification\",\"valueRequired\":true,\"valueName\":\"search_term_string\"}}],\"inLanguage\":\"es\"}]}<\/script>\n<!-- \/ Yoast SEO plugin. -->","yoast_head_json":{"title":"Seventeen Restaurant Ibiza","robots":{"index":"index","follow":"follow","max-snippet":"max-snippet:-1","max-image-preview":"max-image-preview:large","max-video-preview":"max-video-preview:-1"},"canonical":"https:\/\/seventeen-ibiza.com\/es\/wp-json\/wp\/v2\/pages\/431","og_locale":"es_ES","og_type":"article","og_url":"https:\/\/seventeen-ibiza.com\/es\/wp-json\/wp\/v2\/pages\/431","og_site_name":"Seventeen Restaurant Ibiza","article_modified_time":"2019-07-01T18:04:43+00:00","twitter_card":"summary_large_image","twitter_description":"1. Una visi\u00f3n general de la protecci\u00f3n de datos General A continuaci\u00f3n, se proporciona una descripci\u00f3n general simple de lo que sucede con su informaci\u00f3n personal cuando visita nuestro sitio web. La informaci\u00f3n personal es cualquier informaci\u00f3n con la que pueda ser identificado personalmente. Puede encontrar informaci\u00f3n detallada sobre el tema de protecci\u00f3n de datos [&hellip;]","twitter_misc":{"Tiempo de lectura":"28 minutos"},"schema":{"@context":"https:\/\/schema.org","@graph":[{"@type":"WebPage","@id":"https:\/\/seventeen-ibiza.com\/es\/privacy-policy-siesta\/","url":"https:\/\/seventeen-ibiza.com\/es\/wp-json\/wp\/v2\/pages\/431","name":"","isPartOf":{"@id":"https:\/\/seventeen-ibiza.com\/es\/#website"},"datePublished":"2019-07-01T17:01:33+00:00","dateModified":"2019-07-01T18:04:43+00:00","breadcrumb":{"@id":"https:\/\/seventeen-ibiza.com\/es\/wp-json\/wp\/v2\/pages\/431#breadcrumb"},"inLanguage":"es","potentialAction":[{"@type":"ReadAction","target":[["https:\/\/seventeen-ibiza.com\/es\/wp-json\/wp\/v2\/pages\/431"]]}]},{"@type":"BreadcrumbList","@id":"https:\/\/seventeen-ibiza.com\/es\/wp-json\/wp\/v2\/pages\/431#breadcrumb","itemListElement":[{"@type":"ListItem","position":1,"name":"Home","item":"https:\/\/seventeen-ibiza.com\/es\/"},{"@type":"ListItem","position":2,"name":"Privacy Policy Seventeen Siesta"}]},{"@type":"WebSite","@id":"https:\/\/seventeen-ibiza.com\/es\/#website","url":"https:\/\/seventeen-ibiza.com\/es\/","name":"Seventeen Restaurant Ibiza","description":"","potentialAction":[{"@type":"SearchAction","target":{"@type":"EntryPoint","urlTemplate":"https:\/\/seventeen-ibiza.com\/es\/?s={search_term_string}"},"query-input":{"@type":"PropertyValueSpecification","valueRequired":true,"valueName":"search_term_string"}}],"inLanguage":"es"}]}},"_links":{"self":[{"href":"https:\/\/seventeen-ibiza.com\/es\/wp-json\/wp\/v2\/pages\/431","targetHints":{"allow":["GET"]}}],"collection":[{"href":"https:\/\/seventeen-ibiza.com\/es\/wp-json\/wp\/v2\/pages"}],"about":[{"href":"https:\/\/seventeen-ibiza.com\/es\/wp-json\/wp\/v2\/types\/page"}],"author":[{"embeddable":true,"href":"https:\/\/seventeen-ibiza.com\/es\/wp-json\/wp\/v2\/users\/1"}],"replies":[{"embeddable":true,"href":"https:\/\/seventeen-ibiza.com\/es\/wp-json\/wp\/v2\/comments?post=431"}],"version-history":[{"count":4,"href":"https:\/\/seventeen-ibiza.com\/es\/wp-json\/wp\/v2\/pages\/431\/revisions"}],"predecessor-version":[{"id":448,"href":"https:\/\/seventeen-ibiza.com\/es\/wp-json\/wp\/v2\/pages\/431\/revisions\/448"}],"wp:attachment":[{"href":"https:\/\/seventeen-ibiza.com\/es\/wp-json\/wp\/v2\/media?parent=431"}],"curies":[{"name":"wp","href":"https:\/\/api.w.org\/{rel}","templated":true}]}}